{"id":4503,"date":"2016-10-21T12:56:44","date_gmt":"2016-10-21T10:56:44","guid":{"rendered":"https:\/\/bibliotecafiapas.es\/contact\/"},"modified":"2022-05-05T17:13:40","modified_gmt":"2022-05-05T15:13:40","slug":"contact-2","status":"publish","type":"page","link":"https:\/\/bibliotecafiapas.es\/en\/contact-2\/","title":{"rendered":"Contact"},"content":{"rendered":"<p>[et_pb_section fb_built=&#8221;1&#8243; custom_padding_last_edited=&#8221;on|tablet&#8221; _builder_version=&#8221;4.1&#8243; background_color=&#8221;#00657e&#8221; custom_margin=&#8221;||-204px||false|false&#8221; custom_padding=&#8221;250px||||false|false&#8221; custom_padding_tablet=&#8221;100px||||false|false&#8221; custom_padding_phone=&#8221;&#8221; global_colors_info=&#8221;{}&#8221;][et_pb_row _builder_version=&#8221;3.25&#8243; background_size=&#8221;initial&#8221; background_position=&#8221;top_left&#8221; background_repeat=&#8221;repeat&#8221; global_colors_info=&#8221;{}&#8221;][et_pb_column type=&#8221;4_4&#8243; _builder_version=&#8221;3.25&#8243; custom_padding=&#8221;|||&#8221; global_colors_info=&#8221;{}&#8221; custom_padding__hover=&#8221;|||&#8221;][et_pb_text _builder_version=&#8221;4.14.8&#8243; text_text_color=&#8221;#FFFFFF&#8221; text_line_height=&#8221;1.6em&#8221; link_font=&#8221;||||on||||&#8221; header_font=&#8221;|600|||||||&#8221; background_size=&#8221;initial&#8221; background_position=&#8221;top_left&#8221; background_repeat=&#8221;repeat&#8221; hover_enabled=&#8221;0&#8243; global_colors_info=&#8221;{}&#8221; sticky_enabled=&#8221;0&#8243;]<\/p>\n<h1>Contact<\/h1>\n<p>FIAPAS &#8211; C\/ Pantoja, 5 (Local). 28002 Madrid. Spain<br \/>\nPhone:+34 91 576 51 49<br \/>\nFax: +34 91 576 57 46<br \/>\n<a href=\"https:\/\/telesor.es\/indextelesorweb.php\" target=\"_blank\" rel=\"noopener noreferrer\">Telesor\u00a0Service<\/a><br \/>\nE-Mail: <a href=\"mailto:fiapas@fiapas.es\">fiapas@fiapas.es<\/a><br \/>\nFacebook: <a href=\"http:\/\/www.facebook.com\/fiapas\" target=\"_blank\" rel=\"noopener noreferrer\">www.facebook.com\/fiapas<\/a>[\/et_pb_text][et_pb_code _builder_version=&#8221;4.7.4&#8243; width=&#8221;100%&#8221; global_colors_info=&#8221;{}&#8221;]<iframe loading=\"lazy\" style=\"border: 0;\" src=\"https:\/\/www.google.com\/maps\/embed?pb=!1m23!1m12!1m3!1d12145.420540959447!2d-3.668633667574311!3d40.445276110487306!2m3!1f0!2f0!3f0!3m2!1i1024!2i768!4f13.1!4m8!3e6!4m0!4m5!1s0xd4228d0f1b592f9%3A0xaf0cdcb3f2e3444b!2sFiapas%2C%20Calle%20Pantoja%2C%205%2C%2028002%20Madrid!3m2!1d40.4475349!2d-3.6707360999999996!5e0!3m2!1ses!2ses!4v1577651980775!5m2!1ses!2ses\" width=\"100%\" height=\"400\" frameborder=\"0\" allowfullscreen=\"allowfullscreen\"><\/iframe>[\/et_pb_code][\/et_pb_column][\/et_pb_row][\/et_pb_section][et_pb_section fb_built=&#8221;1&#8243; admin_label=&#8221;SECCCI\u00d3N FORMULARIO SUSCRIPCI\u00d3N&#8221; _builder_version=&#8221;4.9.1&#8243; background_color=&#8221;#00657e&#8221; custom_padding=&#8221;||||false|false&#8221; global_module=&#8221;3752&#8243; saved_tabs=&#8221;all&#8221; global_colors_info=&#8221;{}&#8221;][et_pb_row use_custom_gutter=&#8221;on&#8221; gutter_width=&#8221;3&#8243; make_equal=&#8221;on&#8221; custom_padding_last_edited=&#8221;on|tablet&#8221; _builder_version=&#8221;4.7.4&#8243; width=&#8221;100%&#8221; width_tablet=&#8221;&#8221; width_phone=&#8221;&#8221; width_last_edited=&#8221;on|phone&#8221; max_width_tablet=&#8221;&#8221; max_width_phone=&#8221;&#8221; max_width_last_edited=&#8221;on|tablet&#8221; module_alignment=&#8221;center&#8221; custom_margin=&#8221;15em||||false|false&#8221; custom_margin_tablet=&#8221;5em||||false|false&#8221; custom_margin_phone=&#8221;5em||||false|false&#8221; custom_margin_last_edited=&#8221;on|tablet&#8221; custom_padding=&#8221;||||false|false&#8221; custom_padding_tablet=&#8221;||||false|false&#8221; custom_padding_phone=&#8221;||11px||false|true&#8221; global_colors_info=&#8221;{}&#8221;][et_pb_column type=&#8221;4_4&#8243; _builder_version=&#8221;4.0.11&#8243; global_colors_info=&#8221;{}&#8221;][et_pb_signup mailchimp_list=&#8221;FIAPAS|6a20af0832&#8243; first_name_fullwidth=&#8221;off&#8221; last_name_fullwidth=&#8221;off&#8221; email_fullwidth=&#8221;off&#8221; use_custom_fields=&#8221;on&#8221; success_message=&#8221;Thanks. We will contact you as soon as possible.&#8221; title=&#8221;Subscribe to Fiapas Virtual Library&#8221; button_text=&#8221;Subscribe&#8221; description=&#8221;<strong>OPERATED BY:<\/strong> SPANISH CONFEDERATION OF FAMILIES OF DEAF PEOPLE (hereinafter, FIAPAS)<br \/><strong>DPO: <\/strong>dpo@fiapas.es<br \/><strong>PURPOSE:<\/strong> Manage subscription to our FIAPAS Virtual Library (VBF), as well as send information about activities that may be of interest, if specified.<br \/><strong>LEGITIMATION:<\/strong> Consent of the interested party \/ Execution of a contract<br \/><strong>RECIPIENTS:<\/strong> No data will be transferred to third parties, unless expressly authorised or legally required.<br \/><strong>RIGHTS:<\/strong>Access, rectify and delete data, data portability, limitation or opposition to data processing, transparency and the right not to be subject to automated processing.<br \/><strong>ADDITIONAL INFORMATION:<\/strong> You can consult additional and detailed information about our <a href=%22https:\/\/bibliotecafiapas.es\/en\/__trashed\/%22 data-et-target-link=%22_blank%22 rel=%22noopener noreferrer%22>Privacy Policy at this link<\/a>&#8221; use_spam_service=&#8221;on&#8221; recaptcha_list=&#8221;Bibliotecafiapas|Bibliotecafiapas-0&#8243; admin_label=&#8221;Suscripci\u00f3n correo 2022-3-12&#8243; _builder_version=&#8221;4.14.8&#8243; form_field_focus_text_color=&#8221;#00657e&#8221; form_field_custom_margin=&#8221;8px||||false|false&#8221; header_font=&#8221;|600|||||||&#8221; header_text_align=&#8221;left&#8221; header_text_color=&#8221;#ffa200&#8243; header_line_height=&#8221;2em&#8221; body_font_size=&#8221;16px&#8221; body_line_height=&#8221;1.75em&#8221; result_message_text_color=&#8221;#ffa200&#8243; form_field_text_align=&#8221;left&#8221; form_field_font_size=&#8221;17px&#8221; background_color=&#8221;rgba(0,0,0,0)&#8221; button_icon=&#8221;&#x4e;||divi||400&#8243; button_icon_color=&#8221;#458c0b&#8221; width=&#8221;100%&#8221; width_tablet=&#8221;100%&#8221; width_phone=&#8221;&#8221; width_last_edited=&#8221;on|tablet&#8221; max_width_tablet=&#8221;100%&#8221; max_width_phone=&#8221;&#8221; max_width_last_edited=&#8221;on|tablet&#8221; custom_margin_tablet=&#8221;&#8221; custom_margin_phone=&#8221;&#8221; custom_margin_last_edited=&#8221;on|tablet&#8221; custom_padding=&#8221;||||false|false&#8221; header_font_size_tablet=&#8221;25px&#8221; header_font_size_phone=&#8221;20px&#8221; header_font_size_last_edited=&#8221;on|desktop&#8221; header_line_height_tablet=&#8221;1.4em&#8221; header_line_height_phone=&#8221;&#8221; header_line_height_last_edited=&#8221;on|desktop&#8221; global_colors_info=&#8221;{}&#8221; custom_css_main_element_last_edited=&#8221;on|tablet&#8221;][et_pb_signup_custom_field field_id=&#8221;3&#8243; field_title=&#8221;Relaci\u00f3n con la sordera&#8221; field_type=&#8221;select&#8221; select_options=&#8221;%91{%22checked%22:0,%22value%22:%22Persona con sordera%22,%22id%22:0,%22dragID%22:-1},{%22checked%22:0,%22value%22:%22Familiar de persona con sordera%22,%22id%22:1,%22dragID%22:0},{%22checked%22:0,%22value%22:%22Profesional%22,%22id%22:2,%22dragID%22:1},{%22checked%22:0,%22value%22:%22Otro%22,%22id%22:3,%22dragID%22:2}%93&#8243; fullwidth_field=&#8221;off&#8221; _builder_version=&#8221;4.14.8&#8243; _module_preset=&#8221;default&#8221; global_colors_info=&#8221;{}&#8221; predefined_field=&#8221;3&#8243;][\/et_pb_signup_custom_field][et_pb_signup_custom_field field_id=&#8221;4&#8243; field_title=&#8221;Pol\u00edtica de Privacidad&#8221; field_type=&#8221;radio&#8221; radio_options=&#8221;%91{%22checked%22:0,%22value%22:%22Declaro haber entendido la informaci\u00f3n facilitada y consiento el tratamiento que se efectuar\u00e1 de mis datos de car\u00e1cter personal%22,%22id%22:0,%22dragID%22:-1}%93&#8243; _builder_version=&#8221;4.14.8&#8243; _module_preset=&#8221;default&#8221; global_colors_info=&#8221;{}&#8221; predefined_field=&#8221;4&#8243;][\/et_pb_signup_custom_field][et_pb_signup_custom_field field_id=&#8221;9ee7f00e56&#8243; field_title=&#8221;En caso de que desee recibir informaci\u00f3n adicional&#8221; field_type=&#8221;checkbox&#8221; checkbox_options=&#8221;%91{%22checked%22:0,%22value%22:%22Autorizo al env\u00edo de comunicaciones informativas relativas a las actividades desempe\u00f1adas en FIAPAS%22,%22id%22:%228c0107cbbe%22,%22dragID%22:-1}%93&#8243; required_mark=&#8221;off&#8221; _builder_version=&#8221;4.14.8&#8243; _module_preset=&#8221;default&#8221; global_colors_info=&#8221;{}&#8221; predefined_field=&#8221;9ee7f00e56&#8243;][\/et_pb_signup_custom_field][\/et_pb_signup][\/et_pb_column][\/et_pb_row][\/et_pb_section]<\/p>\n","protected":false},"excerpt":{"rendered":"<p>Contact FIAPAS &#8211; C\/ Pantoja, 5 (Local). 28002 Madrid. Spain Phone:+34 91 576 51 49 Fax: +34 91 576 57 46 Telesor\u00a0Service E-Mail: fiapas@fiapas.es Facebook: www.facebook.com\/fiapas<\/p>\n","protected":false},"author":1,"featured_media":0,"parent":0,"menu_order":0,"comment_status":"closed","ping_status":"closed","template":"","meta":{"_acf_changed":false,"_et_pb_use_builder":"on","_et_pb_old_content":"","_et_gb_content_width":"","inline_featured_image":false,"footnotes":""},"class_list":["post-4503","page","type-page","status-publish","hentry"],"acf":[],"yoast_head":"<!-- This site is optimized with the Yoast SEO plugin v27.4 - https:\/\/yoast.com\/product\/yoast-seo-wordpress\/ -->\n<title>Contact - FIAPAS VIRTUAL LIBRARY<\/title>\n<meta name=\"description\" content=\"Manage subscription to our FIAPAS Virtual Library (VBF), as well as send information about activities that may be of interest, if specified.\" \/>\n<meta name=\"robots\" content=\"index, follow, max-snippet:-1, max-image-preview:large, max-video-preview:-1\" \/>\n<link rel=\"canonical\" href=\"https:\/\/bibliotecafiapas.es\/en\/contact-2\/\" \/>\n<meta property=\"og:locale\" content=\"en_US\" \/>\n<meta property=\"og:type\" content=\"article\" \/>\n<meta property=\"og:title\" content=\"Contact - FIAPAS VIRTUAL LIBRARY\" \/>\n<meta property=\"og:description\" content=\"Manage subscription to our FIAPAS Virtual Library (VBF), as well as send information about activities that may be of interest, if specified.\" \/>\n<meta property=\"og:url\" content=\"https:\/\/bibliotecafiapas.es\/en\/contact-2\/\" \/>\n<meta property=\"og:site_name\" content=\"FIAPAS VIRTUAL LIBRARY\" \/>\n<meta property=\"article:publisher\" content=\"https:\/\/www.facebook.com\/fiapas?fref=ts\" \/>\n<meta property=\"article:modified_time\" content=\"2022-05-05T15:13:40+00:00\" \/>\n<meta name=\"twitter:card\" content=\"summary_large_image\" \/>\n<meta name=\"twitter:site\" content=\"@fiapas\" \/>\n<meta name=\"twitter:label1\" content=\"Est. reading time\" \/>\n\t<meta name=\"twitter:data1\" content=\"4 minutes\" \/>\n<script type=\"application\/ld+json\" class=\"yoast-schema-graph\">{\"@context\":\"https:\\\/\\\/schema.org\",\"@graph\":[{\"@type\":\"Article\",\"@id\":\"https:\\\/\\\/bibliotecafiapas.es\\\/en\\\/contact-2\\\/#article\",\"isPartOf\":{\"@id\":\"https:\\\/\\\/bibliotecafiapas.es\\\/en\\\/contact-2\\\/\"},\"author\":{\"name\":\"fiapas\",\"@id\":\"https:\\\/\\\/bibliotecafiapas.es\\\/#\\\/schema\\\/person\\\/d27b31726f8d75df5bf66b41f427c079\"},\"headline\":\"Contact\",\"datePublished\":\"2016-10-21T10:56:44+00:00\",\"dateModified\":\"2022-05-05T15:13:40+00:00\",\"mainEntityOfPage\":{\"@id\":\"https:\\\/\\\/bibliotecafiapas.es\\\/en\\\/contact-2\\\/\"},\"wordCount\":790,\"publisher\":{\"@id\":\"https:\\\/\\\/bibliotecafiapas.es\\\/#organization\"},\"inLanguage\":\"en-US\"},{\"@type\":\"WebPage\",\"@id\":\"https:\\\/\\\/bibliotecafiapas.es\\\/en\\\/contact-2\\\/\",\"url\":\"https:\\\/\\\/bibliotecafiapas.es\\\/en\\\/contact-2\\\/\",\"name\":\"Contact - FIAPAS VIRTUAL LIBRARY\",\"isPartOf\":{\"@id\":\"https:\\\/\\\/bibliotecafiapas.es\\\/#website\"},\"datePublished\":\"2016-10-21T10:56:44+00:00\",\"dateModified\":\"2022-05-05T15:13:40+00:00\",\"description\":\"Manage subscription to our FIAPAS Virtual Library (VBF), as well as send information about activities that may be of interest, if specified.\",\"breadcrumb\":{\"@id\":\"https:\\\/\\\/bibliotecafiapas.es\\\/en\\\/contact-2\\\/#breadcrumb\"},\"inLanguage\":\"en-US\",\"potentialAction\":[{\"@type\":\"ReadAction\",\"target\":[\"https:\\\/\\\/bibliotecafiapas.es\\\/en\\\/contact-2\\\/\"]}]},{\"@type\":\"BreadcrumbList\",\"@id\":\"https:\\\/\\\/bibliotecafiapas.es\\\/en\\\/contact-2\\\/#breadcrumb\",\"itemListElement\":[{\"@type\":\"ListItem\",\"position\":1,\"name\":\"Portada\",\"item\":\"https:\\\/\\\/bibliotecafiapas.es\\\/en\\\/\"},{\"@type\":\"ListItem\",\"position\":2,\"name\":\"Contact\"}]},{\"@type\":\"WebSite\",\"@id\":\"https:\\\/\\\/bibliotecafiapas.es\\\/#website\",\"url\":\"https:\\\/\\\/bibliotecafiapas.es\\\/\",\"name\":\"FIAPAS VIRTUAL LIBRARY\",\"description\":\"Publicaciones de la Confederaci\u00f3n espa\u00f1ola de familias de personas sordas\",\"publisher\":{\"@id\":\"https:\\\/\\\/bibliotecafiapas.es\\\/#organization\"},\"potentialAction\":[{\"@type\":\"SearchAction\",\"target\":{\"@type\":\"EntryPoint\",\"urlTemplate\":\"https:\\\/\\\/bibliotecafiapas.es\\\/?s={search_term_string}\"},\"query-input\":{\"@type\":\"PropertyValueSpecification\",\"valueRequired\":true,\"valueName\":\"search_term_string\"}}],\"inLanguage\":\"en-US\"},{\"@type\":\"Organization\",\"@id\":\"https:\\\/\\\/bibliotecafiapas.es\\\/#organization\",\"name\":\"FIAPAS\",\"url\":\"https:\\\/\\\/bibliotecafiapas.es\\\/\",\"logo\":{\"@type\":\"ImageObject\",\"inLanguage\":\"en-US\",\"@id\":\"https:\\\/\\\/bibliotecafiapas.es\\\/#\\\/schema\\\/logo\\\/image\\\/\",\"url\":\"https:\\\/\\\/bibliotecafiapas.es\\\/wp-content\\\/uploads\\\/2015\\\/07\\\/logofiapaspublicaciones.png\",\"contentUrl\":\"https:\\\/\\\/bibliotecafiapas.es\\\/wp-content\\\/uploads\\\/2015\\\/07\\\/logofiapaspublicaciones.png\",\"width\":135,\"height\":190,\"caption\":\"FIAPAS\"},\"image\":{\"@id\":\"https:\\\/\\\/bibliotecafiapas.es\\\/#\\\/schema\\\/logo\\\/image\\\/\"},\"sameAs\":[\"https:\\\/\\\/www.facebook.com\\\/fiapas?fref=ts\",\"https:\\\/\\\/x.com\\\/fiapas\",\"https:\\\/\\\/www.youtube.com\\\/channel\\\/UCupCyiL7iwuXPcxEhtcI38A\"]},{\"@type\":\"Person\",\"@id\":\"https:\\\/\\\/bibliotecafiapas.es\\\/#\\\/schema\\\/person\\\/d27b31726f8d75df5bf66b41f427c079\",\"name\":\"fiapas\"}]}<\/script>\n<!-- \/ Yoast SEO plugin. -->","yoast_head_json":{"title":"Contact - FIAPAS VIRTUAL LIBRARY","description":"Manage subscription to our FIAPAS Virtual Library (VBF), as well as send information about activities that may be of interest, if specified.","robots":{"index":"index","follow":"follow","max-snippet":"max-snippet:-1","max-image-preview":"max-image-preview:large","max-video-preview":"max-video-preview:-1"},"canonical":"https:\/\/bibliotecafiapas.es\/en\/contact-2\/","og_locale":"en_US","og_type":"article","og_title":"Contact - FIAPAS VIRTUAL LIBRARY","og_description":"Manage subscription to our FIAPAS Virtual Library (VBF), as well as send information about activities that may be of interest, if specified.","og_url":"https:\/\/bibliotecafiapas.es\/en\/contact-2\/","og_site_name":"FIAPAS VIRTUAL LIBRARY","article_publisher":"https:\/\/www.facebook.com\/fiapas?fref=ts","article_modified_time":"2022-05-05T15:13:40+00:00","twitter_card":"summary_large_image","twitter_site":"@fiapas","twitter_misc":{"Est. reading time":"4 minutes"},"schema":{"@context":"https:\/\/schema.org","@graph":[{"@type":"Article","@id":"https:\/\/bibliotecafiapas.es\/en\/contact-2\/#article","isPartOf":{"@id":"https:\/\/bibliotecafiapas.es\/en\/contact-2\/"},"author":{"name":"fiapas","@id":"https:\/\/bibliotecafiapas.es\/#\/schema\/person\/d27b31726f8d75df5bf66b41f427c079"},"headline":"Contact","datePublished":"2016-10-21T10:56:44+00:00","dateModified":"2022-05-05T15:13:40+00:00","mainEntityOfPage":{"@id":"https:\/\/bibliotecafiapas.es\/en\/contact-2\/"},"wordCount":790,"publisher":{"@id":"https:\/\/bibliotecafiapas.es\/#organization"},"inLanguage":"en-US"},{"@type":"WebPage","@id":"https:\/\/bibliotecafiapas.es\/en\/contact-2\/","url":"https:\/\/bibliotecafiapas.es\/en\/contact-2\/","name":"Contact - FIAPAS VIRTUAL LIBRARY","isPartOf":{"@id":"https:\/\/bibliotecafiapas.es\/#website"},"datePublished":"2016-10-21T10:56:44+00:00","dateModified":"2022-05-05T15:13:40+00:00","description":"Manage subscription to our FIAPAS Virtual Library (VBF), as well as send information about activities that may be of interest, if specified.","breadcrumb":{"@id":"https:\/\/bibliotecafiapas.es\/en\/contact-2\/#breadcrumb"},"inLanguage":"en-US","potentialAction":[{"@type":"ReadAction","target":["https:\/\/bibliotecafiapas.es\/en\/contact-2\/"]}]},{"@type":"BreadcrumbList","@id":"https:\/\/bibliotecafiapas.es\/en\/contact-2\/#breadcrumb","itemListElement":[{"@type":"ListItem","position":1,"name":"Portada","item":"https:\/\/bibliotecafiapas.es\/en\/"},{"@type":"ListItem","position":2,"name":"Contact"}]},{"@type":"WebSite","@id":"https:\/\/bibliotecafiapas.es\/#website","url":"https:\/\/bibliotecafiapas.es\/","name":"FIAPAS VIRTUAL LIBRARY","description":"Publicaciones de la Confederaci\u00f3n espa\u00f1ola de familias de personas sordas","publisher":{"@id":"https:\/\/bibliotecafiapas.es\/#organization"},"potentialAction":[{"@type":"SearchAction","target":{"@type":"EntryPoint","urlTemplate":"https:\/\/bibliotecafiapas.es\/?s={search_term_string}"},"query-input":{"@type":"PropertyValueSpecification","valueRequired":true,"valueName":"search_term_string"}}],"inLanguage":"en-US"},{"@type":"Organization","@id":"https:\/\/bibliotecafiapas.es\/#organization","name":"FIAPAS","url":"https:\/\/bibliotecafiapas.es\/","logo":{"@type":"ImageObject","inLanguage":"en-US","@id":"https:\/\/bibliotecafiapas.es\/#\/schema\/logo\/image\/","url":"https:\/\/bibliotecafiapas.es\/wp-content\/uploads\/2015\/07\/logofiapaspublicaciones.png","contentUrl":"https:\/\/bibliotecafiapas.es\/wp-content\/uploads\/2015\/07\/logofiapaspublicaciones.png","width":135,"height":190,"caption":"FIAPAS"},"image":{"@id":"https:\/\/bibliotecafiapas.es\/#\/schema\/logo\/image\/"},"sameAs":["https:\/\/www.facebook.com\/fiapas?fref=ts","https:\/\/x.com\/fiapas","https:\/\/www.youtube.com\/channel\/UCupCyiL7iwuXPcxEhtcI38A"]},{"@type":"Person","@id":"https:\/\/bibliotecafiapas.es\/#\/schema\/person\/d27b31726f8d75df5bf66b41f427c079","name":"fiapas"}]}},"_links":{"self":[{"href":"https:\/\/bibliotecafiapas.es\/en\/wp-json\/wp\/v2\/pages\/4503","targetHints":{"allow":["GET"]}}],"collection":[{"href":"https:\/\/bibliotecafiapas.es\/en\/wp-json\/wp\/v2\/pages"}],"about":[{"href":"https:\/\/bibliotecafiapas.es\/en\/wp-json\/wp\/v2\/types\/page"}],"author":[{"embeddable":true,"href":"https:\/\/bibliotecafiapas.es\/en\/wp-json\/wp\/v2\/users\/1"}],"replies":[{"embeddable":true,"href":"https:\/\/bibliotecafiapas.es\/en\/wp-json\/wp\/v2\/comments?post=4503"}],"version-history":[{"count":43,"href":"https:\/\/bibliotecafiapas.es\/en\/wp-json\/wp\/v2\/pages\/4503\/revisions"}],"predecessor-version":[{"id":6653,"href":"https:\/\/bibliotecafiapas.es\/en\/wp-json\/wp\/v2\/pages\/4503\/revisions\/6653"}],"wp:attachment":[{"href":"https:\/\/bibliotecafiapas.es\/en\/wp-json\/wp\/v2\/media?parent=4503"}],"curies":[{"name":"wp","href":"https:\/\/api.w.org\/{rel}","templated":true}]}}